{"id":2980,"date":"2017-08-08T21:16:36","date_gmt":"2017-08-08T21:16:36","guid":{"rendered":"http:\/\/centralpiping.cl\/wpCP\/?page_id=2980"},"modified":"2017-08-23T20:47:09","modified_gmt":"2017-08-23T20:47:09","slug":"canerias-ppr","status":"publish","type":"page","link":"http:\/\/centralpiping.cl\/wpCP\/canerias-ppr\/","title":{"rendered":"Ca\u00f1erias PPR"},"content":{"rendered":"<p>&nbsp;<\/p>\n<h2 style=\"text-align: center;\"><span style=\"color: #000000;\"><strong><u>Ca\u00f1er\u00edas PPR (Polipropileno), vida UTIL de 50 a\u00f1os!<\/u><\/strong><\/span><\/h2>\n<h2 style=\"text-align: center;\"><span style=\"color: #000000;\"><strong><u>Alta resistencia a la compresi\u00f3n<\/u><\/strong><\/span><\/h2>\n<p>&nbsp;<\/p>\n<p align=\"justify\"><span style=\"color: #000000;\">Central Piping es una empresa de comercializadora de variedad de productos del rubro de PIPING en toda la gama de materiales, en relaci\u00f3n a termopl\u00e1sticos, consideramos el PPR Polipropileno de alta resistencia qu\u00edmica, mec\u00e1nica, lo que brinda una seguridad en las diferentes instalaciones, es por esto que la vida \u00fatil garantizada es de 50 a\u00f1os.<\/span><\/p>\n<p>&nbsp;<\/p>\n<h3 style=\"text-align: center;\"><span style=\"color: #000000;\"><strong><u>\u00bfQu\u00e9 es el Polipropileno?<\/u><\/strong><\/span><\/h3>\n<p>&nbsp;<\/p>\n<p align=\"justify\"><span style=\"color: #000000;\">El Polipropileno es un termopl\u00e1stico que es obtenido por la polimerizaci\u00f3n del propileno, subproducto gaseoso de la refinaci\u00f3n del petr\u00f3leo, en presencia de un catalizador, bajo un cuidadoso control de temperatura y presi\u00f3n.<\/span><\/p>\n<p>&nbsp;<\/p>\n<p align=\"justify\"><span style=\"color: #000000;\">El Polipropileno se puede clasificar en tres tipos: homopol\u00edmero, copol\u00edmero r\u00e1ndom y copol\u00edmero de alto impacto, los cuales pueden ser modificados y adaptados para determinados usos, a trav\u00e9s de m\u00faltiples t\u00e9cnicas de aditivaci\u00f3n.<\/span><\/p>\n<p>&nbsp;<\/p>\n<p align=\"justify\"><span style=\"color: #000000;\">Hist\u00f3ricamente el polipropileno ha sido una de las resinas de mayor crecimiento, alcanzando hoy en d\u00eda, el mayor consumo a nivel mundial entre todos los termopl\u00e1sticos.<\/span><\/p>\n<p style=\"text-align: center;\"><span style=\"color: #000000;\"><img fetchpriority=\"high\" decoding=\"async\" class=\"alignnone size-full wp-image-3191\" src=\"http:\/\/centralpiping.cl\/wpCP\/wp-content\/uploads\/2017\/08\/Pigmento.jpg\" alt=\"\" width=\"536\" height=\"258\" srcset=\"http:\/\/centralpiping.cl\/wpCP\/wp-content\/uploads\/2017\/08\/Pigmento.jpg 536w, http:\/\/centralpiping.cl\/wpCP\/wp-content\/uploads\/2017\/08\/Pigmento-200x96.jpg 200w, http:\/\/centralpiping.cl\/wpCP\/wp-content\/uploads\/2017\/08\/Pigmento-400x193.jpg 400w, http:\/\/centralpiping.cl\/wpCP\/wp-content\/uploads\/2017\/08\/Pigmento-300x144.jpg 300w\" sizes=\"(max-width: 536px) 100vw, 536px\" \/><\/span><\/p>\n<p>&nbsp;<\/p>\n<p align=\"justify\"><span style=\"color: #000000;\">La materia prima utilizada por PPR CENTRALPIPING\u00ae posee la cualidad de posibilitar la perfecta termofusi\u00f3n de tuber\u00edas y accesorios, adem\u00e1s su vida \u00fatil supera los requerimientos de cualquier tipo de instalaci\u00f3n domiciliaria y de la mayor\u00eda de las instalaciones industriales.<\/span><\/p>\n<p>&nbsp;<\/p>\n<p align=\"justify\"><span style=\"color: #000000;\">Una instalaci\u00f3n realizada con tuber\u00eda y accesorios PPR CENTRALPIPING\u00ae (PN20), conduciendo agua caliente a 80\u00baC por espacio de 50 a\u00f1os puede resistir, durante ese tiempo, una presi\u00f3n de trabajo de 5.12 bar.<\/span><\/p>\n<p>&nbsp;<\/p>\n<p align=\"justify\"><span style=\"color: #000000;\">Este rendimiento s\u00f3lo lo alcanza el PPR, \u00fanico desarrollado espec\u00edficamente para conducir agua a elevadas temperaturas y presiones.<\/span><\/p>\n<p><span style=\"color: #000000;\">\u00a0<\/span><\/p>\n<p><span style=\"color: #000000;\"><img decoding=\"async\" class=\"size-full wp-image-3192 aligncenter\" src=\"http:\/\/centralpiping.cl\/wpCP\/wp-content\/uploads\/2017\/08\/PPR-TABLA-N1.jpg\" alt=\"\" width=\"554\" height=\"525\" srcset=\"http:\/\/centralpiping.cl\/wpCP\/wp-content\/uploads\/2017\/08\/PPR-TABLA-N1.jpg 554w, http:\/\/centralpiping.cl\/wpCP\/wp-content\/uploads\/2017\/08\/PPR-TABLA-N1-200x190.jpg 200w, http:\/\/centralpiping.cl\/wpCP\/wp-content\/uploads\/2017\/08\/PPR-TABLA-N1-400x379.jpg 400w, http:\/\/centralpiping.cl\/wpCP\/wp-content\/uploads\/2017\/08\/PPR-TABLA-N1-300x284.jpg 300w\" sizes=\"(max-width: 554px) 100vw, 554px\" \/><\/span><\/p>\n<p>&nbsp;<\/p>\n<p><span style=\"color: #000000;\"> <img decoding=\"async\" class=\"size-full wp-image-3196 aligncenter\" src=\"http:\/\/centralpiping.cl\/wpCP\/wp-content\/uploads\/2017\/08\/T-UNION-HILO-PPR.jpg\" alt=\"\" width=\"612\" height=\"180\" srcset=\"http:\/\/centralpiping.cl\/wpCP\/wp-content\/uploads\/2017\/08\/T-UNION-HILO-PPR.jpg 612w, http:\/\/centralpiping.cl\/wpCP\/wp-content\/uploads\/2017\/08\/T-UNION-HILO-PPR-200x59.jpg 200w, http:\/\/centralpiping.cl\/wpCP\/wp-content\/uploads\/2017\/08\/T-UNION-HILO-PPR-400x118.jpg 400w, http:\/\/centralpiping.cl\/wpCP\/wp-content\/uploads\/2017\/08\/T-UNION-HILO-PPR-300x88.jpg 300w, http:\/\/centralpiping.cl\/wpCP\/wp-content\/uploads\/2017\/08\/T-UNION-HILO-PPR-555x163.jpg 555w\" sizes=\"(max-width: 612px) 100vw, 612px\" \/><\/span><\/p>\n<p>&nbsp;<\/p>\n<p align=\"justify\"><span style=\"color: #000000;\">A partir del conocimiento de los materiales existentes para la conducci\u00f3n de agua a altas temperaturas y presiones, con sus problemas de uni\u00f3n, la industria alemana desarroll\u00f3 hace m\u00e1s de 20 a\u00f1os un material capaz de soportar estas propiedades que supera ampliamente las dificultades de uni\u00f3n de las tuber\u00edas convencionales: el <strong>Polipropileno Copol\u00edmero Random PPR.<\/strong><\/span><\/p>\n<p><span style=\"color: #000000;\"><strong>\u00a0<\/strong><\/span><\/p>\n<p align=\"justify\"><span style=\"color: #000000;\">Este trascendental adelanto cient\u00edfico posibilit\u00f3 la producci\u00f3n de tubos y accesorios ciertamente <strong>resistentes al agua caliente<\/strong>, a las bajas temperaturas, y que, al unirse por medio de calor, superaban definitivamente el riesgo de p\u00e9rdidas en las uniones.<\/span><\/p>\n<p>&nbsp;<\/p>\n<p align=\"justify\"><span style=\"color: #000000;\">Estas primordiales cualidades, sumadas a las otras ventajas del material, como la <strong>ausencia de corrosi\u00f3n, toxicidad y su larga vida \u00fatil <\/strong>en condiciones extremas, determinaron el r\u00e1pido desarrollo de este sistema de conducci\u00f3n de agua en gran n\u00famero de pa\u00edses europeos, que luego fueron adaptados por algunos pa\u00edses latinoamericanos.<\/span><\/p>\n<p>&nbsp;<\/p>\n<p align=\"justify\"><span style=\"color: #000000;\">El PP-R super\u00f3 no s\u00f3lo las exhaustivas pruebas de los m\u00e1s avanzados laboratorios de ensayo, sino tambi\u00e9n las m\u00e1s exigentes condiciones de uso en viviendas, edificios, industrias, Miner\u00eda y otros m\u00faltiples usos.<\/span><\/p>\n<p style=\"text-align: center;\"><span style=\"color: #000000;\">Abrir o descargar Catologo PPR<\/span><\/p>\n<p align=\"justify\"><a href=\"http:\/\/centralpiping.cl\/wpCP\/wp-content\/uploads\/2017\/08\/A-1-CATALOGO-PPR.pdf\" target=\"_blank\" rel=\"noopener\"><img loading=\"lazy\" decoding=\"async\" class=\"wp-image-3238 aligncenter\" src=\"http:\/\/centralpiping.cl\/wpCP\/wp-content\/uploads\/2017\/08\/pdf-icon-300x300.png\" alt=\"\" width=\"105\" height=\"105\" srcset=\"http:\/\/centralpiping.cl\/wpCP\/wp-content\/uploads\/2017\/08\/pdf-icon-300x300.png 300w, http:\/\/centralpiping.cl\/wpCP\/wp-content\/uploads\/2017\/08\/pdf-icon-200x200.png 200w, http:\/\/centralpiping.cl\/wpCP\/wp-content\/uploads\/2017\/08\/pdf-icon-100x100.png 100w, http:\/\/centralpiping.cl\/wpCP\/wp-content\/uploads\/2017\/08\/pdf-icon-400x400.png 400w, http:\/\/centralpiping.cl\/wpCP\/wp-content\/uploads\/2017\/08\/pdf-icon-150x150.png 150w, http:\/\/centralpiping.cl\/wpCP\/wp-content\/uploads\/2017\/08\/pdf-icon-768x768.png 768w, http:\/\/centralpiping.cl\/wpCP\/wp-content\/uploads\/2017\/08\/pdf-icon-1024x1024.png 1024w, http:\/\/centralpiping.cl\/wpCP\/wp-content\/uploads\/2017\/08\/pdf-icon-555x555.png 555w, http:\/\/centralpiping.cl\/wpCP\/wp-content\/uploads\/2017\/08\/pdf-icon.png 2000w\" sizes=\"(max-width: 105px) 100vw, 105px\" \/><\/a><\/p>\n","protected":false},"excerpt":{"rendered":"<p>&nbsp; Ca\u00f1er\u00edas PPR (Polipropileno), vida UTIL de 50 a\u00f1os! Alta resistencia a la compresi\u00f3n &nbsp; Central Piping es una empresa de comercializadora de variedad de productos del rubro de PIPING en toda la gama de materiales, en relaci\u00f3n a termopl\u00e1sticos, consideramos el PPR Polipropileno de alta resistencia qu\u00edmica, mec\u00e1nica, lo que brinda una seguridad en &hellip;<\/p>\n","protected":false},"author":1,"featured_media":0,"parent":0,"menu_order":0,"comment_status":"closed","ping_status":"closed","template":"template-builder-page.php","meta":{"footnotes":""},"_links":{"self":[{"href":"http:\/\/centralpiping.cl\/wpCP\/wp-json\/wp\/v2\/pages\/2980"}],"collection":[{"href":"http:\/\/centralpiping.cl\/wpCP\/wp-json\/wp\/v2\/pages"}],"about":[{"href":"http:\/\/centralpiping.cl\/wpCP\/wp-json\/wp\/v2\/types\/page"}],"author":[{"embeddable":true,"href":"http:\/\/centralpiping.cl\/wpCP\/wp-json\/wp\/v2\/users\/1"}],"replies":[{"embeddable":true,"href":"http:\/\/centralpiping.cl\/wpCP\/wp-json\/wp\/v2\/comments?post=2980"}],"version-history":[{"count":11,"href":"http:\/\/centralpiping.cl\/wpCP\/wp-json\/wp\/v2\/pages\/2980\/revisions"}],"predecessor-version":[{"id":3365,"href":"http:\/\/centralpiping.cl\/wpCP\/wp-json\/wp\/v2\/pages\/2980\/revisions\/3365"}],"wp:attachment":[{"href":"http:\/\/centralpiping.cl\/wpCP\/wp-json\/wp\/v2\/media?parent=2980"}],"curies":[{"name":"wp","href":"https:\/\/api.w.org\/{rel}","templated":true}]}}