{"id":2990,"date":"2017-08-08T21:16:37","date_gmt":"2017-08-08T21:16:37","guid":{"rendered":"http:\/\/centralpiping.cl\/wpCP\/?page_id=2990"},"modified":"2017-09-25T19:02:25","modified_gmt":"2017-09-25T19:02:25","slug":"caneria-hdpe","status":"publish","type":"page","link":"http:\/\/centralpiping.cl\/wpCP\/caneria-hdpe\/","title":{"rendered":"Ca\u00f1eria HDPE"},"content":{"rendered":"<h2 style=\"text-align: center;\">TUBER\u00cdA DE POLIETILENO ALTA DENSIDAD PE 100<\/h2>\n<h3><strong>APLICACIONES:<\/strong><\/h3>\n<p>&#8211; Distribuci\u00f3n de agua potable fr\u00eda (-15\u00baC a 40\u00baC*)<br \/>\n&#8211; Riego localizado.<br \/>\n&#8211; Riego en superficie.<br \/>\n&#8211; Distribuci\u00f3n de agua para riego en explotaciones agr\u00edcolas.<br \/>\n&#8211; Conducci\u00f3n de fluidos a presi\u00f3n.<\/p>\n<h3><strong>VENTAJAS DE LOS TUBOS DE POLIETILENO:<\/strong><\/h3>\n<p>&#8211; Resistencia a los rayos UV.<br \/>\n&#8211; Insensibilidad a la corrosi\u00f3n.<br \/>\n&#8211; Las paredes lisas de la tuber\u00eda obstaculizan la formaci\u00f3n de incrustaciones y nos ofrecen una p\u00e9rdida de carga reducida.<br \/>\n&#8211; Facilidad de montaje e instalaci\u00f3n con accesorios mec\u00e1nicos, accesorios electrosoldables o soldadura a tope.<br \/>\n&#8211; Material virgen. Se puede reprocesar al 100% con el consiguiente valor para el medio ambiente.<br \/>\n&#8211; Flexibilidad para adaptarse a las irregularidades del terreno.<br \/>\n&#8211; Vida \u00fatil de 50 a\u00f1os.<\/p>\n<p style=\"text-align: center;\"><img fetchpriority=\"high\" decoding=\"async\" class=\"alignnone size-full wp-image-3440\" src=\"http:\/\/centralpiping.cl\/wpCP\/wp-content\/uploads\/2017\/08\/canHDPE.jpg\" alt=\"\" width=\"1007\" height=\"507\" srcset=\"http:\/\/centralpiping.cl\/wpCP\/wp-content\/uploads\/2017\/08\/canHDPE.jpg 1007w, http:\/\/centralpiping.cl\/wpCP\/wp-content\/uploads\/2017\/08\/canHDPE-200x101.jpg 200w, http:\/\/centralpiping.cl\/wpCP\/wp-content\/uploads\/2017\/08\/canHDPE-400x201.jpg 400w, http:\/\/centralpiping.cl\/wpCP\/wp-content\/uploads\/2017\/08\/canHDPE-300x151.jpg 300w, http:\/\/centralpiping.cl\/wpCP\/wp-content\/uploads\/2017\/08\/canHDPE-768x387.jpg 768w, http:\/\/centralpiping.cl\/wpCP\/wp-content\/uploads\/2017\/08\/canHDPE-555x279.jpg 555w\" sizes=\"(max-width: 1007px) 100vw, 1007px\" \/><\/p>\n<h3><\/h3>\n<p style=\"text-align: center;\">C-2 MANUAL HDPEPpressure-Pipe-ESP en PDF<\/p>\n<p style=\"text-align: center;\"><a href=\"http:\/\/centralpiping.cl\/wpCP\/wp-content\/uploads\/2017\/08\/C-2-MANUAL-hdpe-pressure-pipe-ESP.pdf\" target=\"_blank\" rel=\"noopener\"><img decoding=\"async\" class=\"alignnone wp-image-3238\" src=\"http:\/\/centralpiping.cl\/wpCP\/wp-content\/uploads\/2017\/08\/pdf-icon-150x150.png\" alt=\"\" width=\"105\" height=\"105\" srcset=\"http:\/\/centralpiping.cl\/wpCP\/wp-content\/uploads\/2017\/08\/pdf-icon-150x150.png 150w, http:\/\/centralpiping.cl\/wpCP\/wp-content\/uploads\/2017\/08\/pdf-icon-200x200.png 200w, http:\/\/centralpiping.cl\/wpCP\/wp-content\/uploads\/2017\/08\/pdf-icon-100x100.png 100w, http:\/\/centralpiping.cl\/wpCP\/wp-content\/uploads\/2017\/08\/pdf-icon-400x400.png 400w, http:\/\/centralpiping.cl\/wpCP\/wp-content\/uploads\/2017\/08\/pdf-icon-300x300.png 300w, http:\/\/centralpiping.cl\/wpCP\/wp-content\/uploads\/2017\/08\/pdf-icon-768x768.png 768w, http:\/\/centralpiping.cl\/wpCP\/wp-content\/uploads\/2017\/08\/pdf-icon-1024x1024.png 1024w, http:\/\/centralpiping.cl\/wpCP\/wp-content\/uploads\/2017\/08\/pdf-icon-555x555.png 555w, http:\/\/centralpiping.cl\/wpCP\/wp-content\/uploads\/2017\/08\/pdf-icon.png 2000w\" sizes=\"(max-width: 105px) 100vw, 105px\" \/><\/a><\/p>\n<p>&nbsp;<\/p>\n<h3><strong>CARACTER\u00cdSTICAS F\u00cdSICAS Y MEC\u00c1NICAS:<\/strong><\/h3>\n<p>Los resultados de estos ensayos representan unos valores medios. Deben confirmarse para cada lote de material:<\/p>\n<p><img decoding=\"async\" class=\"alignnone size-full wp-image-3427\" src=\"http:\/\/centralpiping.cl\/wpCP\/wp-content\/uploads\/2017\/08\/HDPEcaract.jpg\" alt=\"\" width=\"880\" height=\"240\" srcset=\"http:\/\/centralpiping.cl\/wpCP\/wp-content\/uploads\/2017\/08\/HDPEcaract.jpg 880w, http:\/\/centralpiping.cl\/wpCP\/wp-content\/uploads\/2017\/08\/HDPEcaract-200x55.jpg 200w, http:\/\/centralpiping.cl\/wpCP\/wp-content\/uploads\/2017\/08\/HDPEcaract-400x109.jpg 400w, http:\/\/centralpiping.cl\/wpCP\/wp-content\/uploads\/2017\/08\/HDPEcaract-300x82.jpg 300w, http:\/\/centralpiping.cl\/wpCP\/wp-content\/uploads\/2017\/08\/HDPEcaract-768x209.jpg 768w, http:\/\/centralpiping.cl\/wpCP\/wp-content\/uploads\/2017\/08\/HDPEcaract-555x151.jpg 555w\" sizes=\"(max-width: 880px) 100vw, 880px\" \/><\/p>\n<p style=\"text-align: center;\">Ver mas sobre HDPE<\/p>\n<p style=\"text-align: center;\"><a href=\"http:\/\/centralpiping.cl\/wpCP\/wp-content\/uploads\/2017\/08\/9-TUBERIAS-DE-HDPE.pdf\" target=\"_blank\" rel=\"noopener\"><img decoding=\"async\" class=\"alignnone wp-image-3238\" src=\"http:\/\/centralpiping.cl\/wpCP\/wp-content\/uploads\/2017\/08\/pdf-icon-150x150.png\" alt=\"\" width=\"105\" height=\"105\" srcset=\"http:\/\/centralpiping.cl\/wpCP\/wp-content\/uploads\/2017\/08\/pdf-icon-150x150.png 150w, http:\/\/centralpiping.cl\/wpCP\/wp-content\/uploads\/2017\/08\/pdf-icon-200x200.png 200w, http:\/\/centralpiping.cl\/wpCP\/wp-content\/uploads\/2017\/08\/pdf-icon-100x100.png 100w, http:\/\/centralpiping.cl\/wpCP\/wp-content\/uploads\/2017\/08\/pdf-icon-400x400.png 400w, http:\/\/centralpiping.cl\/wpCP\/wp-content\/uploads\/2017\/08\/pdf-icon-300x300.png 300w, http:\/\/centralpiping.cl\/wpCP\/wp-content\/uploads\/2017\/08\/pdf-icon-768x768.png 768w, http:\/\/centralpiping.cl\/wpCP\/wp-content\/uploads\/2017\/08\/pdf-icon-1024x1024.png 1024w, http:\/\/centralpiping.cl\/wpCP\/wp-content\/uploads\/2017\/08\/pdf-icon-555x555.png 555w, http:\/\/centralpiping.cl\/wpCP\/wp-content\/uploads\/2017\/08\/pdf-icon.png 2000w\" sizes=\"(max-width: 105px) 100vw, 105px\" \/><\/a><\/p>\n","protected":false},"excerpt":{"rendered":"<p>TUBER\u00cdA DE POLIETILENO ALTA DENSIDAD PE 100 APLICACIONES: &#8211; Distribuci\u00f3n de agua potable fr\u00eda (-15\u00baC a 40\u00baC*) &#8211; Riego localizado. &#8211; Riego en superficie. &#8211; Distribuci\u00f3n de agua para riego en explotaciones agr\u00edcolas. &#8211; Conducci\u00f3n de fluidos a presi\u00f3n. VENTAJAS DE LOS TUBOS DE POLIETILENO: &#8211; Resistencia a los rayos UV. &#8211; Insensibilidad a la &hellip;<\/p>\n","protected":false},"author":1,"featured_media":0,"parent":0,"menu_order":0,"comment_status":"closed","ping_status":"closed","template":"template-builder-page.php","meta":{"footnotes":""},"_links":{"self":[{"href":"http:\/\/centralpiping.cl\/wpCP\/wp-json\/wp\/v2\/pages\/2990"}],"collection":[{"href":"http:\/\/centralpiping.cl\/wpCP\/wp-json\/wp\/v2\/pages"}],"about":[{"href":"http:\/\/centralpiping.cl\/wpCP\/wp-json\/wp\/v2\/types\/page"}],"author":[{"embeddable":true,"href":"http:\/\/centralpiping.cl\/wpCP\/wp-json\/wp\/v2\/users\/1"}],"replies":[{"embeddable":true,"href":"http:\/\/centralpiping.cl\/wpCP\/wp-json\/wp\/v2\/comments?post=2990"}],"version-history":[{"count":11,"href":"http:\/\/centralpiping.cl\/wpCP\/wp-json\/wp\/v2\/pages\/2990\/revisions"}],"predecessor-version":[{"id":3459,"href":"http:\/\/centralpiping.cl\/wpCP\/wp-json\/wp\/v2\/pages\/2990\/revisions\/3459"}],"wp:attachment":[{"href":"http:\/\/centralpiping.cl\/wpCP\/wp-json\/wp\/v2\/media?parent=2990"}],"curies":[{"name":"wp","href":"https:\/\/api.w.org\/{rel}","templated":true}]}}