{"id":3777,"date":"2024-03-25T16:02:28","date_gmt":"2024-03-25T16:02:28","guid":{"rendered":"https:\/\/centralpiping.cl\/wpCP\/?page_id=3777"},"modified":"2024-03-25T18:41:12","modified_gmt":"2024-03-25T18:41:12","slug":"refrigerante-para-equipos-mineros","status":"publish","type":"page","link":"http:\/\/centralpiping.cl\/wpCP\/refrigerante-para-equipos-mineros\/","title":{"rendered":"Refrigerante para Equipos Mineros"},"content":{"rendered":"\t\t<div data-elementor-type=\"wp-page\" data-elementor-id=\"3777\" class=\"elementor elementor-3777\">\n\t\t\t\t<div class=\"elementor-element elementor-element-596c49a e-flex e-con-boxed e-con e-parent\" data-id=\"596c49a\" data-element_type=\"container\">\n\t\t\t\t\t<div class=\"e-con-inner\">\n\t\t\t\t<div class=\"elementor-element elementor-element-0749cf9 elementor-widget elementor-widget-text-editor\" data-id=\"0749cf9\" data-element_type=\"widget\" data-widget_type=\"text-editor.default\">\n\t\t\t\t<div class=\"elementor-widget-container\">\n\t\t\t\t\t\t\t\t\t<p><strong>REFRIGERANTE PARA EQUIPOS MINEROS<\/strong><\/p><p>Somos\u00a0 fabricantes autorizados por el Vendor Siemens como proveedores del refrigerante REQUIMIC M (c\u00f3digo SAP 10994061), el cual hemos suministrado con las certificaciones correspondientes desde el a\u00f1o 2014 (Certificaciones ;DictUC, Oil international,etc.).<\/p><p>Nuestra empresa suministra refrigerantes para varias empresas chilenas:<\/p><ul><li><strong>BHP Billiton<\/strong> (SAG OGP1) A\u00d1O 2014<\/li><li><strong>Bechtel<\/strong> Escondida<\/li><li><strong>Minera Collahuasi<\/strong> molino SAG DIC. 2023<\/li><li><strong>Siemens<\/strong> Correas Overland Conveyor<\/li><li><strong>Collahuasi 2023<\/strong><\/li><\/ul><ul><li><strong>SENVION<\/strong> \u2013 Siemens (Molinos generaci\u00f3n el\u00e9ctrica, para todo Chile).<\/li><\/ul><p><strong>*TRIPLE C<\/strong><\/p><p>Del a\u00f1o 2014 que producimos refrigerantes con todas las certificaciones y validados por el proveedor el\u00e9ctrico de los<\/p><p>molinos Siemens , las materias primas son de origen Aleman y el agua desionizada en fabricada por la facultad de qu\u00edmica<\/p><p>de la universidad de chile. Las certificaciones adjuntas que tiene el refrigerante son las siguientes:<\/p><ul><li><strong>OIL INTERNATIONAL<\/strong>, certifica los par\u00e1metros de temperatura minima y m\u00e1xima<\/li><li><strong>DICTUC<\/strong>, certifica el producto que cumpla con los par\u00e1metros de Siemens<\/li><li><strong>Certificacion<\/strong> de Origen Monoetilenglicol<\/li><\/ul><p><strong>Nota:<\/strong> Se entrega con las fichas t\u00e9cnicas de calidad , seguridad, del producto. Adem\u00e1s servicio de post venta \u00fanico<\/p><p>en chile donde se recibe muestras del producto con el recambio para certificar condiciones del refrigerante utilizado<\/p><p>para sus programa de mantenimiento.<\/p><p>Los c\u00f3digos <strong>SAP<\/strong> , para<strong> BHP BILLITON<\/strong><\/p><p>Como informaci\u00f3n te adjunto la catalogaci\u00f3n del refrigerante, atenci\u00f3n a la columna 1SAP, ese es el c\u00f3digo de stock.<\/p><p>Nuestra empresa tiene stock permanente, pudiendo entregar con plazo de 5 d\u00edas.<\/p><p>Se realiza la entrega en sus bodegas Nuestros precios y calidad son muy competitivos con el producto de la competencia.<\/p><p>El refrigerante para el sistema de enfriamiento de los molinos <strong>SAG<\/strong> esta patentado en Chile como <strong>REQUIMIC M<\/strong><\/p><p>(Equivalente a <strong>ANTIFROGEN N<\/strong>).<\/p><p>Nuestro producto se suministra en BIN de 1.000 lts o formato acuerdo necesidad de cliente.<\/p><p><strong>Nota: <\/strong>Se adjuntan los siguientes archivos.<\/p><p>* Cuadro comparativo entre nuestro Refrigerante<strong> REQUIMIC \u2013 M<\/strong> y el Refrigerante<strong> ANTIFROGENT \u2013 N.<\/strong><\/p><p>* Ficha t\u00e9cnica del refrigerante.<\/p><p>* Hoja de seguridad del refrigerante.<\/p><p>* Usos de refrigerante <strong>REQUIMIC \u2013 M.<\/strong><\/p><ul><li><strong>OIL INTERNATIONAL,<\/strong> certifica los par\u00e1metros de temperatura minima y m\u00e1xima.<\/li><li><strong>DICTUC<\/strong>, certifica el producto que cumpla con los par\u00e1metros de Siemens.<\/li><li><strong>Certificaci\u00f3n<\/strong> de Origen Monoetilenglicol.<\/li><\/ul><p><strong>\u00a0<\/strong><\/p><p><strong>Nota:\u00a0 <\/strong>Se entrega con las fichas t\u00e9cnicas de calidad, seguridad, del producto. Adem\u00e1s, servicio de post venta \u00fanico en chile donde se recibe muestras del producto con el recambio para certificar condiciones del refrigerante utilizado para su programa de mantenimiento.<\/p><p>Adem\u00e1s, tenemos c\u00f3digo <b>SAP <\/b>en Minera Escondida.<\/p><p><img fetchpriority=\"high\" decoding=\"async\" class=\"alignnone size-full wp-image-3783\" src=\"http:\/\/centralpiping.cl\/wpCP\/wp-content\/uploads\/2024\/03\/TABLA-REF-1-CPP.jpg\" alt=\"\" width=\"648\" height=\"305\" srcset=\"http:\/\/centralpiping.cl\/wpCP\/wp-content\/uploads\/2024\/03\/TABLA-REF-1-CPP.jpg 648w, http:\/\/centralpiping.cl\/wpCP\/wp-content\/uploads\/2024\/03\/TABLA-REF-1-CPP-300x141.jpg 300w, http:\/\/centralpiping.cl\/wpCP\/wp-content\/uploads\/2024\/03\/TABLA-REF-1-CPP-555x261.jpg 555w, http:\/\/centralpiping.cl\/wpCP\/wp-content\/uploads\/2024\/03\/TABLA-REF-1-CPP-200x94.jpg 200w, http:\/\/centralpiping.cl\/wpCP\/wp-content\/uploads\/2024\/03\/TABLA-REF-1-CPP-400x188.jpg 400w\" sizes=\"(max-width: 648px) 100vw, 648px\" \/><\/p><p><strong>Nota:<\/strong> nuestro servicio post venta ofrece en forma gratuita an\u00e1lisis de estado de los<\/p><p>refrigerantes en uso para obtener informaci\u00f3n valiosa para planes de mantenimientos.<\/p><p>Por lo cual solicitamos tomar muestra (1.000 cc) para el an\u00e1lisis f\u00edsico qu\u00edmico y<\/p><p>enviarlas a nuestras dependencias para obtener informes t\u00e9cnicos.<\/p><p>\u00a0<\/p><p>Has clic en el listado para descargar los por separado los documentos relacionados a Refrigerantes:<\/p>\t\t\t\t\t\t\t\t<\/div>\n\t\t\t\t<\/div>\n\t\t<div class=\"elementor-element elementor-element-4ddea4c e-con-full e-flex e-con e-child\" data-id=\"4ddea4c\" data-element_type=\"container\">\n\t\t\t\t<div class=\"elementor-element elementor-element-9762054 elementor-icon-list--layout-traditional elementor-list-item-link-full_width elementor-widget elementor-widget-icon-list\" data-id=\"9762054\" data-element_type=\"widget\" data-widget_type=\"icon-list.default\">\n\t\t\t\t<div class=\"elementor-widget-container\">\n\t\t\t\t\t\t\t<ul class=\"elementor-icon-list-items\">\n\t\t\t\t\t\t\t<li class=\"elementor-icon-list-item\">\n\t\t\t\t\t\t\t\t\t\t\t<a href=\"http:\/\/centralpiping.cl\/wpCP\/wp-content\/uploads\/2024\/03\/DATA-SHEET-REFRIGERANTE-REQUIMIC.pdf\" target=\"_blank\">\n\n\t\t\t\t\t\t\t\t\t\t\t\t<span class=\"elementor-icon-list-icon\">\n\t\t\t\t\t\t\t<svg aria-hidden=\"true\" class=\"e-font-icon-svg e-fas-check\" viewBox=\"0 0 512 512\" xmlns=\"http:\/\/www.w3.org\/2000\/svg\"><path d=\"M173.898 439.404l-166.4-166.4c-9.997-9.997-9.997-26.206 0-36.204l36.203-36.204c9.997-9.998 26.207-9.998 36.204 0L192 312.69 432.095 72.596c9.997-9.997 26.207-9.997 36.204 0l36.203 36.204c9.997 9.997 9.997 26.206 0 36.204l-294.4 294.401c-9.998 9.997-26.207 9.997-36.204-.001z\"><\/path><\/svg>\t\t\t\t\t\t<\/span>\n\t\t\t\t\t\t\t\t\t\t<span class=\"elementor-icon-list-text\">DATA SHEET REFRIGERANTE REQUIMIC.pdf<\/span>\n\t\t\t\t\t\t\t\t\t\t\t<\/a>\n\t\t\t\t\t\t\t\t\t<\/li>\n\t\t\t\t\t\t\t\t<li class=\"elementor-icon-list-item\">\n\t\t\t\t\t\t\t\t\t\t\t<a href=\"http:\/\/centralpiping.cl\/wpCP\/wp-content\/uploads\/2024\/03\/BROCHURE-REFRIGERANTE-REQUIMIC.pdf\" target=\"_blank\">\n\n\t\t\t\t\t\t\t\t\t\t\t\t<span class=\"elementor-icon-list-icon\">\n\t\t\t\t\t\t\t<svg aria-hidden=\"true\" class=\"e-font-icon-svg e-fas-check\" viewBox=\"0 0 512 512\" xmlns=\"http:\/\/www.w3.org\/2000\/svg\"><path d=\"M173.898 439.404l-166.4-166.4c-9.997-9.997-9.997-26.206 0-36.204l36.203-36.204c9.997-9.998 26.207-9.998 36.204 0L192 312.69 432.095 72.596c9.997-9.997 26.207-9.997 36.204 0l36.203 36.204c9.997 9.997 9.997 26.206 0 36.204l-294.4 294.401c-9.998 9.997-26.207 9.997-36.204-.001z\"><\/path><\/svg>\t\t\t\t\t\t<\/span>\n\t\t\t\t\t\t\t\t\t\t<span class=\"elementor-icon-list-text\">BROCHURE REFRIGERANTE REQUIMIC.pdf<\/span>\n\t\t\t\t\t\t\t\t\t\t\t<\/a>\n\t\t\t\t\t\t\t\t\t<\/li>\n\t\t\t\t\t\t\t\t<li class=\"elementor-icon-list-item\">\n\t\t\t\t\t\t\t\t\t\t\t<a href=\"http:\/\/centralpiping.cl\/wpCP\/wp-content\/uploads\/2024\/03\/FICHA-TECNICA-REFRIGERANTE.pdf\" target=\"_blank\">\n\n\t\t\t\t\t\t\t\t\t\t\t\t<span class=\"elementor-icon-list-icon\">\n\t\t\t\t\t\t\t<svg aria-hidden=\"true\" class=\"e-font-icon-svg e-fas-check\" viewBox=\"0 0 512 512\" xmlns=\"http:\/\/www.w3.org\/2000\/svg\"><path d=\"M173.898 439.404l-166.4-166.4c-9.997-9.997-9.997-26.206 0-36.204l36.203-36.204c9.997-9.998 26.207-9.998 36.204 0L192 312.69 432.095 72.596c9.997-9.997 26.207-9.997 36.204 0l36.203 36.204c9.997 9.997 9.997 26.206 0 36.204l-294.4 294.401c-9.998 9.997-26.207 9.997-36.204-.001z\"><\/path><\/svg>\t\t\t\t\t\t<\/span>\n\t\t\t\t\t\t\t\t\t\t<span class=\"elementor-icon-list-text\">FICHA TE\u0301CNICA REFRIGERANTE.pdf<\/span>\n\t\t\t\t\t\t\t\t\t\t\t<\/a>\n\t\t\t\t\t\t\t\t\t<\/li>\n\t\t\t\t\t\t\t\t<li class=\"elementor-icon-list-item\">\n\t\t\t\t\t\t\t\t\t\t\t<a href=\"http:\/\/centralpiping.cl\/wpCP\/wp-content\/uploads\/2024\/03\/Cuadro-Comparativo-AntifrogenN-RequimicM.pdf\" target=\"_blank\">\n\n\t\t\t\t\t\t\t\t\t\t\t\t<span class=\"elementor-icon-list-icon\">\n\t\t\t\t\t\t\t<svg aria-hidden=\"true\" class=\"e-font-icon-svg e-fas-check\" viewBox=\"0 0 512 512\" xmlns=\"http:\/\/www.w3.org\/2000\/svg\"><path d=\"M173.898 439.404l-166.4-166.4c-9.997-9.997-9.997-26.206 0-36.204l36.203-36.204c9.997-9.998 26.207-9.998 36.204 0L192 312.69 432.095 72.596c9.997-9.997 26.207-9.997 36.204 0l36.203 36.204c9.997 9.997 9.997 26.206 0 36.204l-294.4 294.401c-9.998 9.997-26.207 9.997-36.204-.001z\"><\/path><\/svg>\t\t\t\t\t\t<\/span>\n\t\t\t\t\t\t\t\t\t\t<span class=\"elementor-icon-list-text\">Cuadro Comparativo AntifrogenN RequimicM.pdf<\/span>\n\t\t\t\t\t\t\t\t\t\t\t<\/a>\n\t\t\t\t\t\t\t\t\t<\/li>\n\t\t\t\t\t\t\t\t<li class=\"elementor-icon-list-item\">\n\t\t\t\t\t\t\t\t\t\t\t<a href=\"http:\/\/centralpiping.cl\/wpCP\/wp-content\/uploads\/2024\/03\/ESPECIFICACION-AGUA-DESIONIZADA.pdf\" target=\"_blank\">\n\n\t\t\t\t\t\t\t\t\t\t\t\t<span class=\"elementor-icon-list-icon\">\n\t\t\t\t\t\t\t<svg aria-hidden=\"true\" class=\"e-font-icon-svg e-fas-check\" viewBox=\"0 0 512 512\" xmlns=\"http:\/\/www.w3.org\/2000\/svg\"><path d=\"M173.898 439.404l-166.4-166.4c-9.997-9.997-9.997-26.206 0-36.204l36.203-36.204c9.997-9.998 26.207-9.998 36.204 0L192 312.69 432.095 72.596c9.997-9.997 26.207-9.997 36.204 0l36.203 36.204c9.997 9.997 9.997 26.206 0 36.204l-294.4 294.401c-9.998 9.997-26.207 9.997-36.204-.001z\"><\/path><\/svg>\t\t\t\t\t\t<\/span>\n\t\t\t\t\t\t\t\t\t\t<span class=\"elementor-icon-list-text\">ESPECIFICACIO\u0301N AGUA DESIONIZADA.pdf<\/span>\n\t\t\t\t\t\t\t\t\t\t\t<\/a>\n\t\t\t\t\t\t\t\t\t<\/li>\n\t\t\t\t\t\t\t\t<li class=\"elementor-icon-list-item\">\n\t\t\t\t\t\t\t\t\t\t\t<a href=\"http:\/\/centralpiping.cl\/wpCP\/wp-content\/uploads\/2024\/03\/OTICH23-1123-rev1-ES-AmSpec-Group.pdf\" target=\"_blank\">\n\n\t\t\t\t\t\t\t\t\t\t\t\t<span class=\"elementor-icon-list-icon\">\n\t\t\t\t\t\t\t<svg aria-hidden=\"true\" class=\"e-font-icon-svg e-fas-check\" viewBox=\"0 0 512 512\" xmlns=\"http:\/\/www.w3.org\/2000\/svg\"><path d=\"M173.898 439.404l-166.4-166.4c-9.997-9.997-9.997-26.206 0-36.204l36.203-36.204c9.997-9.998 26.207-9.998 36.204 0L192 312.69 432.095 72.596c9.997-9.997 26.207-9.997 36.204 0l36.203 36.204c9.997 9.997 9.997 26.206 0 36.204l-294.4 294.401c-9.998 9.997-26.207 9.997-36.204-.001z\"><\/path><\/svg>\t\t\t\t\t\t<\/span>\n\t\t\t\t\t\t\t\t\t\t<span class=\"elementor-icon-list-text\">OTICH23-1123 rev1-ES (AmSpec Group).pdf<\/span>\n\t\t\t\t\t\t\t\t\t\t\t<\/a>\n\t\t\t\t\t\t\t\t\t<\/li>\n\t\t\t\t\t\t\t\t<li class=\"elementor-icon-list-item\">\n\t\t\t\t\t\t\t\t\t\t\t<a href=\"http:\/\/centralpiping.cl\/wpCP\/wp-content\/uploads\/2024\/03\/Refrigerante-Imagenes.pdf\" target=\"_blank\">\n\n\t\t\t\t\t\t\t\t\t\t\t\t<span class=\"elementor-icon-list-icon\">\n\t\t\t\t\t\t\t<svg aria-hidden=\"true\" class=\"e-font-icon-svg e-fas-check\" viewBox=\"0 0 512 512\" xmlns=\"http:\/\/www.w3.org\/2000\/svg\"><path d=\"M173.898 439.404l-166.4-166.4c-9.997-9.997-9.997-26.206 0-36.204l36.203-36.204c9.997-9.998 26.207-9.998 36.204 0L192 312.69 432.095 72.596c9.997-9.997 26.207-9.997 36.204 0l36.203 36.204c9.997 9.997 9.997 26.206 0 36.204l-294.4 294.401c-9.998 9.997-26.207 9.997-36.204-.001z\"><\/path><\/svg>\t\t\t\t\t\t<\/span>\n\t\t\t\t\t\t\t\t\t\t<span class=\"elementor-icon-list-text\">Refrigerante Imagenes.pdf<\/span>\n\t\t\t\t\t\t\t\t\t\t\t<\/a>\n\t\t\t\t\t\t\t\t\t<\/li>\n\t\t\t\t\t\t<\/ul>\n\t\t\t\t\t\t<\/div>\n\t\t\t\t<\/div>\n\t\t\t\t<\/div>\n\t\t\t\t\t<\/div>\n\t\t\t\t<\/div>\n\t\t\t\t<\/div>\n\t\t","protected":false},"excerpt":{"rendered":"<p>REFRIGERANTE PARA EQUIPOS MINEROS Somos\u00a0 fabricantes autorizados por el Vendor Siemens como proveedores del refrigerante REQUIMIC M (c\u00f3digo SAP 10994061), el cual hemos suministrado con las certificaciones correspondientes desde el a\u00f1o 2014 (Certificaciones ;DictUC, Oil international,etc.). Nuestra empresa suministra refrigerantes para varias empresas chilenas: BHP Billiton (SAG OGP1) A\u00d1O 2014 Bechtel Escondida Minera Collahuasi molino &hellip;<\/p>\n","protected":false},"author":1,"featured_media":0,"parent":0,"menu_order":0,"comment_status":"closed","ping_status":"closed","template":"","meta":{"footnotes":""},"_links":{"self":[{"href":"http:\/\/centralpiping.cl\/wpCP\/wp-json\/wp\/v2\/pages\/3777"}],"collection":[{"href":"http:\/\/centralpiping.cl\/wpCP\/wp-json\/wp\/v2\/pages"}],"about":[{"href":"http:\/\/centralpiping.cl\/wpCP\/wp-json\/wp\/v2\/types\/page"}],"author":[{"embeddable":true,"href":"http:\/\/centralpiping.cl\/wpCP\/wp-json\/wp\/v2\/users\/1"}],"replies":[{"embeddable":true,"href":"http:\/\/centralpiping.cl\/wpCP\/wp-json\/wp\/v2\/comments?post=3777"}],"version-history":[{"count":17,"href":"http:\/\/centralpiping.cl\/wpCP\/wp-json\/wp\/v2\/pages\/3777\/revisions"}],"predecessor-version":[{"id":3836,"href":"http:\/\/centralpiping.cl\/wpCP\/wp-json\/wp\/v2\/pages\/3777\/revisions\/3836"}],"wp:attachment":[{"href":"http:\/\/centralpiping.cl\/wpCP\/wp-json\/wp\/v2\/media?parent=3777"}],"curies":[{"name":"wp","href":"https:\/\/api.w.org\/{rel}","templated":true}]}}